{"id":870,"date":"2023-01-07T10:44:23","date_gmt":"2023-01-07T09:44:23","guid":{"rendered":"https:\/\/multi-toits.be\/?page_id=870"},"modified":"2023-01-07T11:05:31","modified_gmt":"2023-01-07T10:05:31","slug":"galerie-isolation","status":"publish","type":"page","link":"https:\/\/multi-toits.be\/?page_id=870","title":{"rendered":"Galerie Isolation"},"content":{"rendered":"\t\t<div data-elementor-type=\"wp-page\" data-elementor-id=\"870\" class=\"elementor elementor-870\">\n\t\t\t\t\t\t\t\t\t<section class=\"elementor-section elementor-top-section elementor-element elementor-element-1fd487a elementor-section-boxed elementor-section-height-default elementor-section-height-default\" data-id=\"1fd487a\" data-element_type=\"section\">\n\t\t\t\t\t\t<div class=\"elementor-container elementor-column-gap-default\">\n\t\t\t\t\t<div class=\"elementor-column elementor-col-33 elementor-top-column elementor-element elementor-element-da213eb\" data-id=\"da213eb\" data-element_type=\"column\">\n\t\t\t<div class=\"elementor-widget-wrap elementor-element-populated\">\n\t\t\t\t\t\t\t\t<div class=\"elementor-element elementor-element-883a5be elementor-widget elementor-widget-text-editor\" data-id=\"883a5be\" data-element_type=\"widget\" data-widget_type=\"text-editor.default\">\n\t\t\t\t<div class=\"elementor-widget-container\">\n\t\t\t<style>\/*! elementor - v3.16.0 - 17-10-2023 *\/\n.elementor-widget-text-editor.elementor-drop-cap-view-stacked .elementor-drop-cap{background-color:#69727d;color:#fff}.elementor-widget-text-editor.elementor-drop-cap-view-framed .elementor-drop-cap{color:#69727d;border:3px solid;background-color:transparent}.elementor-widget-text-editor:not(.elementor-drop-cap-view-default) .elementor-drop-cap{margin-top:8px}.elementor-widget-text-editor:not(.elementor-drop-cap-view-default) .elementor-drop-cap-letter{width:1em;height:1em}.elementor-widget-text-editor .elementor-drop-cap{float:left;text-align:center;line-height:1;font-size:50px}.elementor-widget-text-editor .elementor-drop-cap-letter{display:inline-block}<\/style>\t\t\t\t<h1>L&rsquo;isolation<\/h1><p>Une grande partie des pertes de chaleur de votre habitation s\u2019effectue par le toit\u00a0<strong>(30%).\u00a0<\/strong>Effectuez de s\u00e9rieuses \u00e9conomies d\u2019\u00e9nergie\u00a0gr\u00e2ce \u00e0 notre expertise.\u00a0<\/p><p>Nous effectuons tous les travaux d&rsquo;isolation de votre toiture, par la m\u00e9thode sarking ou de fa\u00e7on traditionnelle.<span style=\"color: var( --e-global-color-text ); font-family: var( --e-global-typography-text-font-family ), Sans-serif; font-size: var( --e-global-typography-text-font-size ); font-style: var( --e-global-typography-text-font-style ); font-weight: var( --e-global-typography-text-font-weight ); letter-spacing: var( --e-global-typography-text-letter-spacing ); text-transform: var( --e-global-typography-text-text-transform ); background-color: var( --e-global-color-3d761f9 );\">\u00a0<\/span><\/p><div>Les principaux produits que nous pla\u00e7ons :<\/div><ul><li>Laine min\u00e9rale sans formald\u00e9hydes<\/li><li>Laine de bois ou fibre de bois<\/li><li>Isolant \u00e0 base d&rsquo;herbes ! Nouveau et local<\/li><li>Isolant polyur\u00e9thane PIR &amp; PUR en toiture inclin\u00e9e et en toiture plate<\/li><\/ul><div>\u00a0<\/div><p>\u00a0<\/p>\t\t\t\t\t\t<\/div>\n\t\t\t\t<\/div>\n\t\t\t\t\t<\/div>\n\t\t<\/div>\n\t\t\t\t<div class=\"elementor-column elementor-col-66 elementor-top-column elementor-element elementor-element-7207822\" data-id=\"7207822\" data-element_type=\"column\">\n\t\t\t<div class=\"elementor-widget-wrap elementor-element-populated\">\n\t\t\t\t\t\t\t\t<div class=\"elementor-element elementor-element-b637334 gallery-spacing-custom elementor-widget elementor-widget-image-gallery\" data-id=\"b637334\" data-element_type=\"widget\" data-widget_type=\"image-gallery.default\">\n\t\t\t\t<div class=\"elementor-widget-container\">\n\t\t\t<style>\/*! elementor - v3.16.0 - 17-10-2023 *\/\n.elementor-image-gallery .gallery-item{display:inline-block;text-align:center;vertical-align:top;width:100%;max-width:100%;margin:0 auto}.elementor-image-gallery .gallery-item img{margin:0 auto}.elementor-image-gallery .gallery-item .gallery-caption{margin:0}.elementor-image-gallery figure img{display:block}.elementor-image-gallery figure figcaption{width:100%}.gallery-spacing-custom .elementor-image-gallery .gallery-icon{padding:0}@media (min-width:768px){.elementor-image-gallery .gallery-columns-2 .gallery-item{max-width:50%}.elementor-image-gallery .gallery-columns-3 .gallery-item{max-width:33.33%}.elementor-image-gallery .gallery-columns-4 .gallery-item{max-width:25%}.elementor-image-gallery .gallery-columns-5 .gallery-item{max-width:20%}.elementor-image-gallery .gallery-columns-6 .gallery-item{max-width:16.666%}.elementor-image-gallery .gallery-columns-7 .gallery-item{max-width:14.28%}.elementor-image-gallery .gallery-columns-8 .gallery-item{max-width:12.5%}.elementor-image-gallery .gallery-columns-9 .gallery-item{max-width:11.11%}.elementor-image-gallery .gallery-columns-10 .gallery-item{max-width:10%}}@media (min-width:480px) and (max-width:767px){.elementor-image-gallery .gallery.gallery-columns-2 .gallery-item,.elementor-image-gallery .gallery.gallery-columns-3 .gallery-item,.elementor-image-gallery .gallery.gallery-columns-4 .gallery-item,.elementor-image-gallery .gallery.gallery-columns-5 .gallery-item,.elementor-image-gallery .gallery.gallery-columns-6 .gallery-item,.elementor-image-gallery .gallery.gallery-columns-7 .gallery-item,.elementor-image-gallery .gallery.gallery-columns-8 .gallery-item,.elementor-image-gallery .gallery.gallery-columns-9 .gallery-item,.elementor-image-gallery .gallery.gallery-columns-10 .gallery-item{max-width:50%}}@media (max-width:479px){.elementor-image-gallery .gallery.gallery-columns-2 .gallery-item,.elementor-image-gallery .gallery.gallery-columns-3 .gallery-item,.elementor-image-gallery .gallery.gallery-columns-4 .gallery-item,.elementor-image-gallery .gallery.gallery-columns-5 .gallery-item,.elementor-image-gallery .gallery.gallery-columns-6 .gallery-item,.elementor-image-gallery .gallery.gallery-columns-7 .gallery-item,.elementor-image-gallery .gallery.gallery-columns-8 .gallery-item,.elementor-image-gallery .gallery.gallery-columns-9 .gallery-item,.elementor-image-gallery .gallery.gallery-columns-10 .gallery-item{max-width:100%}}<\/style>\t\t<div class=\"elementor-image-gallery\">\n\t\t\t<div id='gallery-1' class='gallery galleryid-870 gallery-columns-4 gallery-size-thumbnail'><figure class='gallery-item'>\n\t\t\t<div class='gallery-icon landscape'>\n\t\t\t\t<a data-elementor-open-lightbox=\"yes\" data-elementor-lightbox-slideshow=\"b637334\" data-elementor-lightbox-title=\"MultiT239\" data-e-action-hash=\"#elementor-action%3Aaction%3Dlightbox%26settings%3DeyJpZCI6NDc3LCJ1cmwiOiJodHRwczpcL1wvbXVsdGktdG9pdHMuYmVcL3dwLWNvbnRlbnRcL3VwbG9hZHNcLzIwMjNcLzAxXC9NdWx0aVQyMzkuanBnIiwic2xpZGVzaG93IjoiYjYzNzMzNCJ9\" href='https:\/\/multi-toits.be\/wp-content\/uploads\/2023\/01\/MultiT239.jpg'><img loading=\"lazy\" decoding=\"async\" width=\"150\" height=\"150\" src=\"https:\/\/multi-toits.be\/wp-content\/uploads\/2023\/01\/MultiT239-150x150.jpg\" class=\"attachment-thumbnail size-thumbnail\" alt=\"\" \/><\/a>\n\t\t\t<\/div><\/figure><figure class='gallery-item'>\n\t\t\t<div class='gallery-icon landscape'>\n\t\t\t\t<a data-elementor-open-lightbox=\"yes\" data-elementor-lightbox-slideshow=\"b637334\" data-elementor-lightbox-title=\"MultiT165\" data-e-action-hash=\"#elementor-action%3Aaction%3Dlightbox%26settings%3DeyJpZCI6NDAzLCJ1cmwiOiJodHRwczpcL1wvbXVsdGktdG9pdHMuYmVcL3dwLWNvbnRlbnRcL3VwbG9hZHNcLzIwMjNcLzAxXC9NdWx0aVQxNjUuanBnIiwic2xpZGVzaG93IjoiYjYzNzMzNCJ9\" href='https:\/\/multi-toits.be\/wp-content\/uploads\/2023\/01\/MultiT165.jpg'><img loading=\"lazy\" decoding=\"async\" width=\"150\" height=\"150\" src=\"https:\/\/multi-toits.be\/wp-content\/uploads\/2023\/01\/MultiT165-150x150.jpg\" class=\"attachment-thumbnail size-thumbnail\" alt=\"\" srcset=\"https:\/\/multi-toits.be\/wp-content\/uploads\/2023\/01\/elementor\/thumbs\/MultiT165-q04ba9keckjzmntfcjhswwx4ay1mgak5pslt8cxv18.jpg 150w, https:\/\/multi-toits.be\/wp-content\/uploads\/2023\/01\/elementor\/thumbs\/MultiT165-q04ba9kg6cqn1o20ywsk316nuyd2fxdqjhhkggnp2w.jpg 300w, https:\/\/multi-toits.be\/wp-content\/uploads\/2023\/01\/elementor\/thumbs\/MultiT165-q04ba9keyhy7fnwajzxdyycatm5fs660noweb26h1s.jpg 200w\" sizes=\"auto, (max-width: 150px) 100vw, 150px\" \/><\/a>\n\t\t\t<\/div><\/figure><figure class='gallery-item'>\n\t\t\t<div class='gallery-icon landscape'>\n\t\t\t\t<a data-elementor-open-lightbox=\"yes\" data-elementor-lightbox-slideshow=\"b637334\" data-elementor-lightbox-title=\"MultiT148\" data-e-action-hash=\"#elementor-action%3Aaction%3Dlightbox%26settings%3DeyJpZCI6Mzg2LCJ1cmwiOiJodHRwczpcL1wvbXVsdGktdG9pdHMuYmVcL3dwLWNvbnRlbnRcL3VwbG9hZHNcLzIwMjNcLzAxXC9NdWx0aVQxNDguanBnIiwic2xpZGVzaG93IjoiYjYzNzMzNCJ9\" href='https:\/\/multi-toits.be\/wp-content\/uploads\/2023\/01\/MultiT148.jpg'><img loading=\"lazy\" decoding=\"async\" width=\"150\" height=\"150\" src=\"https:\/\/multi-toits.be\/wp-content\/uploads\/2023\/01\/MultiT148-150x150.jpg\" class=\"attachment-thumbnail size-thumbnail\" alt=\"\" \/><\/a>\n\t\t\t<\/div><\/figure><figure class='gallery-item'>\n\t\t\t<div class='gallery-icon landscape'>\n\t\t\t\t<a data-elementor-open-lightbox=\"yes\" data-elementor-lightbox-slideshow=\"b637334\" data-elementor-lightbox-title=\"MultiT146\" data-e-action-hash=\"#elementor-action%3Aaction%3Dlightbox%26settings%3DeyJpZCI6Mzg0LCJ1cmwiOiJodHRwczpcL1wvbXVsdGktdG9pdHMuYmVcL3dwLWNvbnRlbnRcL3VwbG9hZHNcLzIwMjNcLzAxXC9NdWx0aVQxNDYuanBnIiwic2xpZGVzaG93IjoiYjYzNzMzNCJ9\" href='https:\/\/multi-toits.be\/wp-content\/uploads\/2023\/01\/MultiT146.jpg'><img loading=\"lazy\" decoding=\"async\" width=\"150\" height=\"150\" src=\"https:\/\/multi-toits.be\/wp-content\/uploads\/2023\/01\/MultiT146-150x150.jpg\" class=\"attachment-thumbnail size-thumbnail\" alt=\"\" \/><\/a>\n\t\t\t<\/div><\/figure><figure class='gallery-item'>\n\t\t\t<div class='gallery-icon landscape'>\n\t\t\t\t<a data-elementor-open-lightbox=\"yes\" data-elementor-lightbox-slideshow=\"b637334\" data-elementor-lightbox-title=\"MultiT145\" data-e-action-hash=\"#elementor-action%3Aaction%3Dlightbox%26settings%3DeyJpZCI6MzgzLCJ1cmwiOiJodHRwczpcL1wvbXVsdGktdG9pdHMuYmVcL3dwLWNvbnRlbnRcL3VwbG9hZHNcLzIwMjNcLzAxXC9NdWx0aVQxNDUuanBnIiwic2xpZGVzaG93IjoiYjYzNzMzNCJ9\" href='https:\/\/multi-toits.be\/wp-content\/uploads\/2023\/01\/MultiT145.jpg'><img loading=\"lazy\" decoding=\"async\" width=\"150\" height=\"150\" src=\"https:\/\/multi-toits.be\/wp-content\/uploads\/2023\/01\/MultiT145-150x150.jpg\" class=\"attachment-thumbnail size-thumbnail\" alt=\"\" \/><\/a>\n\t\t\t<\/div><\/figure><figure class='gallery-item'>\n\t\t\t<div class='gallery-icon landscape'>\n\t\t\t\t<a data-elementor-open-lightbox=\"yes\" data-elementor-lightbox-slideshow=\"b637334\" data-elementor-lightbox-title=\"MultiT141\" data-e-action-hash=\"#elementor-action%3Aaction%3Dlightbox%26settings%3DeyJpZCI6Mzc5LCJ1cmwiOiJodHRwczpcL1wvbXVsdGktdG9pdHMuYmVcL3dwLWNvbnRlbnRcL3VwbG9hZHNcLzIwMjNcLzAxXC9NdWx0aVQxNDEuanBnIiwic2xpZGVzaG93IjoiYjYzNzMzNCJ9\" href='https:\/\/multi-toits.be\/wp-content\/uploads\/2023\/01\/MultiT141.jpg'><img loading=\"lazy\" decoding=\"async\" width=\"150\" height=\"150\" src=\"https:\/\/multi-toits.be\/wp-content\/uploads\/2023\/01\/MultiT141-150x150.jpg\" class=\"attachment-thumbnail size-thumbnail\" alt=\"\" \/><\/a>\n\t\t\t<\/div><\/figure><figure class='gallery-item'>\n\t\t\t<div class='gallery-icon landscape'>\n\t\t\t\t<a data-elementor-open-lightbox=\"yes\" data-elementor-lightbox-slideshow=\"b637334\" data-elementor-lightbox-title=\"MultiT062\" data-e-action-hash=\"#elementor-action%3Aaction%3Dlightbox%26settings%3DeyJpZCI6Mjk5LCJ1cmwiOiJodHRwczpcL1wvbXVsdGktdG9pdHMuYmVcL3dwLWNvbnRlbnRcL3VwbG9hZHNcLzIwMjNcLzAxXC9NdWx0aVQwNjIuanBnIiwic2xpZGVzaG93IjoiYjYzNzMzNCJ9\" href='https:\/\/multi-toits.be\/wp-content\/uploads\/2023\/01\/MultiT062.jpg'><img loading=\"lazy\" decoding=\"async\" width=\"150\" height=\"150\" src=\"https:\/\/multi-toits.be\/wp-content\/uploads\/2023\/01\/MultiT062-150x150.jpg\" class=\"attachment-thumbnail size-thumbnail\" alt=\"\" \/><\/a>\n\t\t\t<\/div><\/figure><figure class='gallery-item'>\n\t\t\t<div class='gallery-icon landscape'>\n\t\t\t\t<a data-elementor-open-lightbox=\"yes\" data-elementor-lightbox-slideshow=\"b637334\" data-elementor-lightbox-title=\"MultiT061\" data-e-action-hash=\"#elementor-action%3Aaction%3Dlightbox%26settings%3DeyJpZCI6Mjk4LCJ1cmwiOiJodHRwczpcL1wvbXVsdGktdG9pdHMuYmVcL3dwLWNvbnRlbnRcL3VwbG9hZHNcLzIwMjNcLzAxXC9NdWx0aVQwNjEuanBnIiwic2xpZGVzaG93IjoiYjYzNzMzNCJ9\" href='https:\/\/multi-toits.be\/wp-content\/uploads\/2023\/01\/MultiT061.jpg'><img loading=\"lazy\" decoding=\"async\" width=\"150\" height=\"150\" src=\"https:\/\/multi-toits.be\/wp-content\/uploads\/2023\/01\/MultiT061-150x150.jpg\" class=\"attachment-thumbnail size-thumbnail\" alt=\"\" \/><\/a>\n\t\t\t<\/div><\/figure><figure class='gallery-item'>\n\t\t\t<div class='gallery-icon landscape'>\n\t\t\t\t<a data-elementor-open-lightbox=\"yes\" data-elementor-lightbox-slideshow=\"b637334\" data-elementor-lightbox-title=\"MultiT059\" data-e-action-hash=\"#elementor-action%3Aaction%3Dlightbox%26settings%3DeyJpZCI6Mjk3LCJ1cmwiOiJodHRwczpcL1wvbXVsdGktdG9pdHMuYmVcL3dwLWNvbnRlbnRcL3VwbG9hZHNcLzIwMjNcLzAxXC9NdWx0aVQwNTkuanBnIiwic2xpZGVzaG93IjoiYjYzNzMzNCJ9\" href='https:\/\/multi-toits.be\/wp-content\/uploads\/2023\/01\/MultiT059.jpg'><img loading=\"lazy\" decoding=\"async\" width=\"150\" height=\"150\" src=\"https:\/\/multi-toits.be\/wp-content\/uploads\/2023\/01\/MultiT059-150x150.jpg\" class=\"attachment-thumbnail size-thumbnail\" alt=\"\" \/><\/a>\n\t\t\t<\/div><\/figure><figure class='gallery-item'>\n\t\t\t<div class='gallery-icon landscape'>\n\t\t\t\t<a data-elementor-open-lightbox=\"yes\" data-elementor-lightbox-slideshow=\"b637334\" data-elementor-lightbox-title=\"MultiT057\" data-e-action-hash=\"#elementor-action%3Aaction%3Dlightbox%26settings%3DeyJpZCI6Mjk1LCJ1cmwiOiJodHRwczpcL1wvbXVsdGktdG9pdHMuYmVcL3dwLWNvbnRlbnRcL3VwbG9hZHNcLzIwMjNcLzAxXC9NdWx0aVQwNTcuanBnIiwic2xpZGVzaG93IjoiYjYzNzMzNCJ9\" href='https:\/\/multi-toits.be\/wp-content\/uploads\/2023\/01\/MultiT057.jpg'><img loading=\"lazy\" decoding=\"async\" width=\"150\" height=\"150\" src=\"https:\/\/multi-toits.be\/wp-content\/uploads\/2023\/01\/MultiT057-150x150.jpg\" class=\"attachment-thumbnail size-thumbnail\" alt=\"\" \/><\/a>\n\t\t\t<\/div><\/figure><figure class='gallery-item'>\n\t\t\t<div class='gallery-icon landscape'>\n\t\t\t\t<a data-elementor-open-lightbox=\"yes\" data-elementor-lightbox-slideshow=\"b637334\" data-elementor-lightbox-title=\"MultiT056\" data-e-action-hash=\"#elementor-action%3Aaction%3Dlightbox%26settings%3DeyJpZCI6Mjk0LCJ1cmwiOiJodHRwczpcL1wvbXVsdGktdG9pdHMuYmVcL3dwLWNvbnRlbnRcL3VwbG9hZHNcLzIwMjNcLzAxXC9NdWx0aVQwNTYuanBnIiwic2xpZGVzaG93IjoiYjYzNzMzNCJ9\" href='https:\/\/multi-toits.be\/wp-content\/uploads\/2023\/01\/MultiT056.jpg'><img loading=\"lazy\" decoding=\"async\" width=\"150\" height=\"150\" src=\"https:\/\/multi-toits.be\/wp-content\/uploads\/2023\/01\/MultiT056-150x150.jpg\" class=\"attachment-thumbnail size-thumbnail\" alt=\"\" \/><\/a>\n\t\t\t<\/div><\/figure><figure class='gallery-item'>\n\t\t\t<div class='gallery-icon landscape'>\n\t\t\t\t<a data-elementor-open-lightbox=\"yes\" data-elementor-lightbox-slideshow=\"b637334\" data-elementor-lightbox-title=\"MultiT055\" data-e-action-hash=\"#elementor-action%3Aaction%3Dlightbox%26settings%3DeyJpZCI6MjkzLCJ1cmwiOiJodHRwczpcL1wvbXVsdGktdG9pdHMuYmVcL3dwLWNvbnRlbnRcL3VwbG9hZHNcLzIwMjNcLzAxXC9NdWx0aVQwNTUuanBnIiwic2xpZGVzaG93IjoiYjYzNzMzNCJ9\" href='https:\/\/multi-toits.be\/wp-content\/uploads\/2023\/01\/MultiT055.jpg'><img loading=\"lazy\" decoding=\"async\" width=\"150\" height=\"150\" src=\"https:\/\/multi-toits.be\/wp-content\/uploads\/2023\/01\/MultiT055-150x150.jpg\" class=\"attachment-thumbnail size-thumbnail\" alt=\"\" \/><\/a>\n\t\t\t<\/div><\/figure><figure class='gallery-item'>\n\t\t\t<div class='gallery-icon portrait'>\n\t\t\t\t<a data-elementor-open-lightbox=\"yes\" data-elementor-lightbox-slideshow=\"b637334\" data-elementor-lightbox-title=\"IMG_20220616_161622\" data-e-action-hash=\"#elementor-action%3Aaction%3Dlightbox%26settings%3DeyJpZCI6NzQxLCJ1cmwiOiJodHRwczpcL1wvbXVsdGktdG9pdHMuYmVcL3dwLWNvbnRlbnRcL3VwbG9hZHNcLzIwMjNcLzAxXC9JTUdfMjAyMjA2MTZfMTYxNjIyLmpwZyIsInNsaWRlc2hvdyI6ImI2MzczMzQifQ%3D%3D\" href='https:\/\/multi-toits.be\/wp-content\/uploads\/2023\/01\/IMG_20220616_161622.jpg'><img loading=\"lazy\" decoding=\"async\" width=\"150\" height=\"150\" src=\"https:\/\/multi-toits.be\/wp-content\/uploads\/2023\/01\/IMG_20220616_161622-150x150.jpg\" class=\"attachment-thumbnail size-thumbnail\" alt=\"\" \/><\/a>\n\t\t\t<\/div><\/figure><figure class='gallery-item'>\n\t\t\t<div class='gallery-icon landscape'>\n\t\t\t\t<a data-elementor-open-lightbox=\"yes\" data-elementor-lightbox-slideshow=\"b637334\" data-elementor-lightbox-title=\"MultiT153\" data-e-action-hash=\"#elementor-action%3Aaction%3Dlightbox%26settings%3DeyJpZCI6MzkxLCJ1cmwiOiJodHRwczpcL1wvbXVsdGktdG9pdHMuYmVcL3dwLWNvbnRlbnRcL3VwbG9hZHNcLzIwMjNcLzAxXC9NdWx0aVQxNTMuanBnIiwic2xpZGVzaG93IjoiYjYzNzMzNCJ9\" href='https:\/\/multi-toits.be\/wp-content\/uploads\/2023\/01\/MultiT153.jpg'><img loading=\"lazy\" decoding=\"async\" width=\"150\" height=\"150\" src=\"https:\/\/multi-toits.be\/wp-content\/uploads\/2023\/01\/MultiT153-150x150.jpg\" class=\"attachment-thumbnail size-thumbnail\" alt=\"\" \/><\/a>\n\t\t\t<\/div><\/figure>\n\t\t<\/div>\n\t\t<\/div>\n\t\t\t\t<\/div>\n\t\t\t\t<\/div>\n\t\t\t\t\t<\/div>\n\t\t<\/div>\n\t\t\t\t\t\t\t<\/div>\n\t\t<\/section>\n\t\t\t\t\t\t\t<\/div>\n\t\t","protected":false},"excerpt":{"rendered":"<p>L&rsquo;isolation Une grande partie des pertes de chaleur de votre habitation s\u2019effectue par le toit\u00a0(30%).\u00a0Effectuez de s\u00e9rieuses \u00e9conomies d\u2019\u00e9nergie\u00a0gr\u00e2ce \u00e0 notre expertise.\u00a0 Nous effectuons tous les travaux d&rsquo;isolation de votre toiture, par la m\u00e9thode sarking ou de fa\u00e7on traditionnelle.\u00a0 Les principaux produits que nous pla\u00e7ons : Laine min\u00e9rale sans formald\u00e9hydes Laine de bois ou fibre [&hellip;]<\/p>\n","protected":false},"author":1,"featured_media":0,"parent":129,"menu_order":-1,"comment_status":"closed","ping_status":"closed","template":"elementor_header_footer","meta":{"footnotes":""},"class_list":["post-870","page","type-page","status-publish","hentry"],"_links":{"self":[{"href":"https:\/\/multi-toits.be\/index.php?rest_route=\/wp\/v2\/pages\/870","targetHints":{"allow":["GET"]}}],"collection":[{"href":"https:\/\/multi-toits.be\/index.php?rest_route=\/wp\/v2\/pages"}],"about":[{"href":"https:\/\/multi-toits.be\/index.php?rest_route=\/wp\/v2\/types\/page"}],"author":[{"embeddable":true,"href":"https:\/\/multi-toits.be\/index.php?rest_route=\/wp\/v2\/users\/1"}],"replies":[{"embeddable":true,"href":"https:\/\/multi-toits.be\/index.php?rest_route=%2Fwp%2Fv2%2Fcomments&post=870"}],"version-history":[{"count":13,"href":"https:\/\/multi-toits.be\/index.php?rest_route=\/wp\/v2\/pages\/870\/revisions"}],"predecessor-version":[{"id":885,"href":"https:\/\/multi-toits.be\/index.php?rest_route=\/wp\/v2\/pages\/870\/revisions\/885"}],"up":[{"embeddable":true,"href":"https:\/\/multi-toits.be\/index.php?rest_route=\/wp\/v2\/pages\/129"}],"wp:attachment":[{"href":"https:\/\/multi-toits.be\/index.php?rest_route=%2Fwp%2Fv2%2Fmedia&parent=870"}],"curies":[{"name":"wp","href":"https:\/\/api.w.org\/{rel}","templated":true}]}}